{"id":4481,"date":"2023-06-12T11:48:01","date_gmt":"2023-06-12T09:48:01","guid":{"rendered":"https:\/\/estudiojp.es\/interiorismo\/"},"modified":"2023-08-29T13:11:01","modified_gmt":"2023-08-29T11:11:01","slug":"interior-design","status":"publish","type":"page","link":"https:\/\/estudiojp.es\/en\/interior-design\/","title":{"rendered":"Interior Design"},"content":{"rendered":"<div id=\"pl-4481\"  class=\"panel-layout\" ><div id=\"pg-4481-0\"  class=\"panel-grid panel-has-style\" ><div class=\"proyectos siteorigin-panels-stretch panel-row-style panel-row-style-for-4481-0\" data-stretch-type=\"full-stretched\" ><div id=\"pgc-4481-0-0\"  class=\"panel-grid-cell\" ><div id=\"panel-4481-0-0-0\" class=\"widget_text so-panel widget widget_custom_html panel-first-child panel-last-child\" data-index=\"0\" ><div class=\"widget_text bloquetrabajo panel-widget-style panel-widget-style-for-4481-0-0-0\" ><div class=\"textwidget custom-html-widget\"><div class=\"work-names-container\">\n\t<a href=\"https:\/\/estudiojp.es\/villa-la-escondida\/\">Villa La Escondida<\/a>\n\t<a href=\"https:\/\/estudiojp.es\/villa-al-mar\/\">Villa Al Mar<\/a>\n\t<a href=\"https:\/\/estudiojp.es\/villa-grazalema\/\">Villa Grazalema<\/a>\n\t<a href=\"https:\/\/estudiojp.es\/the-jewel-2\/\">The Jewel<\/a>\n\t<a href=\"https:\/\/estudiojp.es\/villa-mevak\/\">Villa Mevak<\/a>\n\t<a href=\"https:\/\/estudiojp.es\/palm-house\/\">Palm house<\/a>\n\t<a href=\"https:\/\/estudiojp.es\/eden-house\/\">Eden House<\/a>\n\t<a href=\"https:\/\/estudiojp.es\/villa-andalucia\/\">Villa Andaluc\u00eda<\/a>\n\t<a href=\"https:\/\/estudiojp.es\/casa-alegrias\/\">Casa Alegr\u00edas<\/a>\n\t<a href=\"https:\/\/estudiojp.es\/paraiso-house\/\">Paraiso House<\/a>\n\t<a href=\"https:\/\/estudiojp.es\/showroom-aedas-homes\/\">Showroom Aedas Homes<\/a>\n\t<a href=\"https:\/\/estudiojp.es\/oficinas-arabia-saudi\/\">Oficinas Arabia Saud\u00ed<\/a>\n\t<a href=\"https:\/\/estudiojp.es\/hotel-roommate-oscar\/\">Hotel Roommate Oscar<\/a>\n\t<a href=\"https:\/\/estudiojp.es\/treforma-collection\/\">Treforma Collection<\/a>\n\t<a href=\"https:\/\/estudiojp.es\/gusto-restaurante\/\">Gusto Restaurant<\/a>\n\t<a href=\"https:\/\/estudiojp.es\/restaurante-otto\/\">Restaurante Otto<\/a>\n\t<a href=\"https:\/\/estudiojp.es\/lujo-del-paladar\/\">Lujo del Paladar<\/a>\n\t<a href=\"https:\/\/estudiojp.es\/lovo-bar\/\">Lovo Bar<\/a>\n\t<a href=\"https:\/\/estudiojp.es\/distrito-ceviche\/\">Distrito Ceviche<\/a>\n\t<a href=\"https:\/\/estudiojp.es\/barrocotropico\/\">Barrocotr\u00f3 pico<\/a>\n\t<a href=\"https:\/\/estudiojp.es\/discoteca-enbabia\/\">Discoteca Enbabia<\/a>\t\n\t<a href=\"https:\/\/estudiojp.es\/les-mauvais-garcons-restaurant\/\">Les Mauvais Gar\u00e7ons Restaurant<\/a>\n\t<div id=\"counter1\">Proyecto:<span><\/span>&nbsp;&nbsp;\/&nbsp;&nbsp;22<\/div>\n<\/div>\n\n<div id=\"counter\">Proyecto:<span><\/span>&nbsp;&nbsp;\/&nbsp;&nbsp;25<\/div>\n<\/div><\/div><\/div><\/div><div id=\"pgc-4481-0-1\"  class=\"panel-grid-cell\" ><div id=\"panel-4481-0-1-0\" class=\"widget_text so-panel widget widget_custom_html panel-first-child panel-last-child\" data-index=\"1\" ><div class=\"textwidget custom-html-widget\"><div class=\"work-img-container\">\n\t<img decoding=\"async\" src=\"https:\/\/estudiojp.es\/wp-content\/uploads\/2023\/06\/villa-infinita.jpg\">\n\t<img decoding=\"async\" src=\"https:\/\/estudiojp.es\/wp-content\/uploads\/2023\/04\/villaescondida.jpg\">\n\t<img decoding=\"async\" src=\"https:\/\/estudiojp.es\/wp-content\/uploads\/2023\/06\/img2.jpg\">\n\t<img decoding=\"async\" src=\"https:\/\/estudiojp.es\/wp-content\/uploads\/2023\/04\/The-Jewel.jpg\">\n\t<img decoding=\"async\" src=\"https:\/\/estudiojp.es\/wp-content\/uploads\/2023\/04\/Park4.jpg\">\n\t<img decoding=\"async\" src=\"https:\/\/estudiojp.es\/wp-content\/uploads\/2023\/06\/palm-house.jpg\">\n\t<img decoding=\"async\" src=\"https:\/\/estudiojp.es\/wp-content\/uploads\/2023\/06\/Villa-eden-principal.jpg\">\n\t<img decoding=\"async\" src=\"https:\/\/estudiojp.es\/wp-content\/uploads\/2023\/06\/andalucia.jpg\">\n\t<img decoding=\"async\" src=\"https:\/\/estudiojp.es\/wp-content\/uploads\/2023\/06\/alegria.jpg\">\n\t<img decoding=\"async\" src=\"https:\/\/estudiojp.es\/wp-content\/uploads\/2023\/06\/paraiso.jpg\">\n\t<img decoding=\"async\" src=\"https:\/\/estudiojp.es\/wp-content\/uploads\/2023\/04\/Aedas.jpg\">\n\t<img decoding=\"async\" src=\"https:\/\/estudiojp.es\/wp-content\/uploads\/2023\/06\/hotel-arabia.jpg\">\n\t<img decoding=\"async\" src=\"https:\/\/estudiojp.es\/wp-content\/uploads\/2023\/06\/hotel-oscar.jpg\">\n\t<img decoding=\"async\" src=\"https:\/\/estudiojp.es\/wp-content\/uploads\/2023\/06\/treforma.jpg\">\n\t<img decoding=\"async\" src=\"https:\/\/estudiojp.es\/wp-content\/uploads\/2023\/06\/gusto.jpg\">\n\t<img decoding=\"async\" src=\"https:\/\/estudiojp.es\/wp-content\/uploads\/2023\/06\/otto.jpg\">\n\t<img decoding=\"async\" src=\"https:\/\/estudiojp.es\/wp-content\/uploads\/2023\/06\/paladar.jpg\">\n\t<img decoding=\"async\" src=\"https:\/\/estudiojp.es\/wp-content\/uploads\/2023\/06\/lovobar.jpg\">\n\t<img decoding=\"async\" src=\"https:\/\/estudiojp.es\/wp-content\/uploads\/2023\/06\/ceviche.jpg\">\n\t<img decoding=\"async\" src=\"https:\/\/estudiojp.es\/wp-content\/uploads\/2023\/06\/barroco.jpg\">\n\t<img decoding=\"async\" src=\"https:\/\/estudiojp.es\/wp-content\/uploads\/2023\/06\/enbabia.jpg\">\n\t<img decoding=\"async\" src=\"https:\/\/estudiojp.es\/wp-content\/uploads\/2023\/06\/mauvais.jpg\">\n<\/div><\/div><\/div><\/div><\/div><\/div><\/div>","protected":false},"excerpt":{"rendered":"<p>Villa La Escondida Villa Al Mar Villa Grazalema The Jewel Villa Mevak Palm house Eden House Villa Andaluc\u00eda Casa Alegr\u00edas [&hellip;]<\/p>\n","protected":false},"author":1,"featured_media":0,"parent":0,"menu_order":0,"comment_status":"closed","ping_status":"closed","template":"page-templates\/full-width.php","meta":{"pgc_meta":"","footnotes":""},"class_list":["post-4481","page","type-page","status-publish","hentry"],"pgc_meta":"","yoast_head":"<!-- This site is optimized with the Yoast SEO plugin v24.1 - https:\/\/yoast.com\/wordpress\/plugins\/seo\/ -->\n<title>Estudio de Interiorismo en Madrid | Joaqu\u00edn Puget<\/title>\n<meta name=\"description\" content=\"Ponemos a tu disposici\u00f3n nuestros servicios de arquitectura y dise\u00f1o de interiores de \u00faltima vanguardia considerando todos los par\u00e1metros.\" \/>\n<meta name=\"robots\" content=\"index, follow, max-snippet:-1, max-image-preview:large, max-video-preview:-1\" \/>\n<link rel=\"canonical\" href=\"https:\/\/estudiojp.es\/en\/interior-design\/\" \/>\n<meta property=\"og:locale\" content=\"en_US\" \/>\n<meta property=\"og:type\" content=\"article\" \/>\n<meta property=\"og:title\" content=\"Estudio de Interiorismo en Madrid | Joaqu\u00edn Puget\" \/>\n<meta property=\"og:description\" content=\"Ponemos a tu disposici\u00f3n nuestros servicios de arquitectura y dise\u00f1o de interiores de \u00faltima vanguardia considerando todos los par\u00e1metros.\" \/>\n<meta property=\"og:url\" content=\"https:\/\/estudiojp.es\/en\/interior-design\/\" \/>\n<meta property=\"og:site_name\" content=\"Joaquin Puget\" \/>\n<meta property=\"article:modified_time\" content=\"2023-08-29T11:11:01+00:00\" \/>\n<meta name=\"twitter:card\" content=\"summary_large_image\" \/>\n<meta name=\"twitter:label1\" content=\"Est. reading time\" \/>\n\t<meta name=\"twitter:data1\" content=\"1 minute\" \/>\n<script type=\"application\/ld+json\" class=\"yoast-schema-graph\">{\"@context\":\"https:\/\/schema.org\",\"@graph\":[{\"@type\":\"WebPage\",\"@id\":\"https:\/\/estudiojp.es\/en\/interior-design\/\",\"url\":\"https:\/\/estudiojp.es\/en\/interior-design\/\",\"name\":\"Estudio de Interiorismo en Madrid | Joaqu\u00edn Puget\",\"isPartOf\":{\"@id\":\"https:\/\/estudiojp.es\/#website\"},\"datePublished\":\"2023-06-12T09:48:01+00:00\",\"dateModified\":\"2023-08-29T11:11:01+00:00\",\"description\":\"Ponemos a tu disposici\u00f3n nuestros servicios de arquitectura y dise\u00f1o de interiores de \u00faltima vanguardia considerando todos los par\u00e1metros.\",\"breadcrumb\":{\"@id\":\"https:\/\/estudiojp.es\/en\/interior-design\/#breadcrumb\"},\"inLanguage\":\"en-US\",\"potentialAction\":[{\"@type\":\"ReadAction\",\"target\":[\"https:\/\/estudiojp.es\/en\/interior-design\/\"]}]},{\"@type\":\"BreadcrumbList\",\"@id\":\"https:\/\/estudiojp.es\/en\/interior-design\/#breadcrumb\",\"itemListElement\":[{\"@type\":\"ListItem\",\"position\":1,\"name\":\"Portada\",\"item\":\"https:\/\/estudiojp.es\/en\/\"},{\"@type\":\"ListItem\",\"position\":2,\"name\":\"Interior Design\"}]},{\"@type\":\"WebSite\",\"@id\":\"https:\/\/estudiojp.es\/#website\",\"url\":\"https:\/\/estudiojp.es\/\",\"name\":\"Joaquin Puget\",\"description\":\"Arquitecto y dise\u00f1ador de interior en Madrid\",\"potentialAction\":[{\"@type\":\"SearchAction\",\"target\":{\"@type\":\"EntryPoint\",\"urlTemplate\":\"https:\/\/estudiojp.es\/?s={search_term_string}\"},\"query-input\":{\"@type\":\"PropertyValueSpecification\",\"valueRequired\":true,\"valueName\":\"search_term_string\"}}],\"inLanguage\":\"en-US\"}]}<\/script>\n<!-- \/ Yoast SEO plugin. -->","yoast_head_json":{"title":"Estudio de Interiorismo en Madrid | Joaqu\u00edn Puget","description":"Ponemos a tu disposici\u00f3n nuestros servicios de arquitectura y dise\u00f1o de interiores de \u00faltima vanguardia considerando todos los par\u00e1metros.","robots":{"index":"index","follow":"follow","max-snippet":"max-snippet:-1","max-image-preview":"max-image-preview:large","max-video-preview":"max-video-preview:-1"},"canonical":"https:\/\/estudiojp.es\/en\/interior-design\/","og_locale":"en_US","og_type":"article","og_title":"Estudio de Interiorismo en Madrid | Joaqu\u00edn Puget","og_description":"Ponemos a tu disposici\u00f3n nuestros servicios de arquitectura y dise\u00f1o de interiores de \u00faltima vanguardia considerando todos los par\u00e1metros.","og_url":"https:\/\/estudiojp.es\/en\/interior-design\/","og_site_name":"Joaquin Puget","article_modified_time":"2023-08-29T11:11:01+00:00","twitter_card":"summary_large_image","twitter_misc":{"Est. reading time":"1 minute"},"schema":{"@context":"https:\/\/schema.org","@graph":[{"@type":"WebPage","@id":"https:\/\/estudiojp.es\/en\/interior-design\/","url":"https:\/\/estudiojp.es\/en\/interior-design\/","name":"Estudio de Interiorismo en Madrid | Joaqu\u00edn Puget","isPartOf":{"@id":"https:\/\/estudiojp.es\/#website"},"datePublished":"2023-06-12T09:48:01+00:00","dateModified":"2023-08-29T11:11:01+00:00","description":"Ponemos a tu disposici\u00f3n nuestros servicios de arquitectura y dise\u00f1o de interiores de \u00faltima vanguardia considerando todos los par\u00e1metros.","breadcrumb":{"@id":"https:\/\/estudiojp.es\/en\/interior-design\/#breadcrumb"},"inLanguage":"en-US","potentialAction":[{"@type":"ReadAction","target":["https:\/\/estudiojp.es\/en\/interior-design\/"]}]},{"@type":"BreadcrumbList","@id":"https:\/\/estudiojp.es\/en\/interior-design\/#breadcrumb","itemListElement":[{"@type":"ListItem","position":1,"name":"Portada","item":"https:\/\/estudiojp.es\/en\/"},{"@type":"ListItem","position":2,"name":"Interior Design"}]},{"@type":"WebSite","@id":"https:\/\/estudiojp.es\/#website","url":"https:\/\/estudiojp.es\/","name":"Joaquin Puget","description":"Arquitecto y dise\u00f1ador de interior en Madrid","potentialAction":[{"@type":"SearchAction","target":{"@type":"EntryPoint","urlTemplate":"https:\/\/estudiojp.es\/?s={search_term_string}"},"query-input":{"@type":"PropertyValueSpecification","valueRequired":true,"valueName":"search_term_string"}}],"inLanguage":"en-US"}]}},"_links":{"self":[{"href":"https:\/\/estudiojp.es\/en\/wp-json\/wp\/v2\/pages\/4481","targetHints":{"allow":["GET"]}}],"collection":[{"href":"https:\/\/estudiojp.es\/en\/wp-json\/wp\/v2\/pages"}],"about":[{"href":"https:\/\/estudiojp.es\/en\/wp-json\/wp\/v2\/types\/page"}],"author":[{"embeddable":true,"href":"https:\/\/estudiojp.es\/en\/wp-json\/wp\/v2\/users\/1"}],"replies":[{"embeddable":true,"href":"https:\/\/estudiojp.es\/en\/wp-json\/wp\/v2\/comments?post=4481"}],"version-history":[{"count":4,"href":"https:\/\/estudiojp.es\/en\/wp-json\/wp\/v2\/pages\/4481\/revisions"}],"predecessor-version":[{"id":4485,"href":"https:\/\/estudiojp.es\/en\/wp-json\/wp\/v2\/pages\/4481\/revisions\/4485"}],"wp:attachment":[{"href":"https:\/\/estudiojp.es\/en\/wp-json\/wp\/v2\/media?parent=4481"}],"curies":[{"name":"wp","href":"https:\/\/api.w.org\/{rel}","templated":true}]}}